{"id":2866,"date":"2024-07-10T06:07:40","date_gmt":"2024-07-10T10:07:40","guid":{"rendered":"https:\/\/soundviewpregnancy.com\/declaracion-de-derechos-del-paciente\/"},"modified":"2024-10-07T15:02:00","modified_gmt":"2024-10-07T19:02:00","slug":"declaracion-de-derechos-del-paciente","status":"publish","type":"page","link":"https:\/\/soundviewpregnancy.com\/es\/declaracion-de-derechos-del-paciente\/","title":{"rendered":"Declaraci\u00f3n de derechos del paciente"},"content":{"rendered":"\n<h2 class=\"wp-block-heading\">Declaraci\u00f3n de derechos del paciente<\/h2>\n\n<p>El paciente tiene derecho a ser tratado con cortes\u00eda y respeto, con aprecio de su dignidad individual y con protecci\u00f3n de su necesidad de intimidad.<\/p>\n\n<p>El paciente tiene derecho a recibir una atenci\u00f3n considerada y respetuosa con sus creencias personales y sus valores culturales y espirituales.<\/p>\n\n<p>El paciente tiene derecho a que se le expliquen todas las cosas en t\u00e9rminos que pueda entender y a una respuesta r\u00e1pida y razonable a sus preguntas y peticiones.<\/p>\n\n<p>El paciente tiene derecho a saber qui\u00e9n le presta servicios m\u00e9dicos y qui\u00e9n es responsable de su atenci\u00f3n.<\/p>\n\n<p>El paciente tiene derecho a que se le garantice el tratamiento confidencial de las divulgaciones de su historial y a tener la oportunidad de aprobar o rechazar la divulgaci\u00f3n de informaci\u00f3n, excepto cuando la divulgaci\u00f3n de informaci\u00f3n espec\u00edfica sea exigida por ley.<\/p>\n\n<p>El paciente tiene derecho a recibir asistencia en un entorno seguro y privado para que la experiencia sea positiva y de apoyo.<\/p>\n\n<p>El paciente tiene derecho a saber de qu\u00e9 servicios de apoyo al paciente dispone, incluido si hay un int\u00e9rprete disponible si no habla ingl\u00e9s.<\/p>\n\n<p>Un paciente tiene derecho a ser escuchado cuando tiene una preocupaci\u00f3n relacionada con la calidad de la asistencia o la seguridad del paciente.<\/p>\n\n<p>El paciente tiene derecho a que el profesional sanitario le facilite informaci\u00f3n sobre el diagn\u00f3stico, el tratamiento previsto, las alternativas, los riesgos y el pron\u00f3stico.<\/p>\n\n<p>El paciente tiene derecho a rechazar cualquier tratamiento, salvo que la ley disponga lo contrario.<\/p>\n\n<p>El paciente tiene derecho a recibir, si lo solicita, informaci\u00f3n completa y el asesoramiento necesario sobre la disponibilidad de recursos econ\u00f3micos conocidos para su asistencia.<\/p>\n\n<p>El paciente tiene derecho a un acceso imparcial al tratamiento m\u00e9dico o a las adaptaciones, independientemente de su raza, origen nacional, religi\u00f3n o discapacidad f\u00edsica.<\/p>\n\n<p>El paciente tiene derecho a saber si el tratamiento m\u00e9dico tiene fines de investigaci\u00f3n experimental y a dar su consentimiento o negarse a participar en dicha investigaci\u00f3n experimental.<\/p>\n\n<p>Un paciente tiene derecho a expresar sus quejas sobre cualquier violaci\u00f3n de sus derechos, a trav\u00e9s del procedimiento de quejas del centro que le atendi\u00f3 y ante la agencia estatal de licencias correspondiente.<\/p>\n\n<h2 class=\"wp-block-heading\">RESPONSABILIDADES DEL PACIENTE<\/h2>\n\n<p>El paciente es responsable de proporcionar al profesional sanitario, seg\u00fan su leal saber y entender, informaci\u00f3n precisa y completa sobre sus dolencias actuales, enfermedades pasadas, hospitalizaciones, medicamentos y otros asuntos relacionados con su salud.<\/p>\n\n<p>El paciente es responsable de hacer preguntas si no entiende las instrucciones que se le dan.<\/p>\n\n<p>El paciente es responsable de informar al profesional sanitario de si comprende una actuaci\u00f3n prevista y lo que se espera de \u00e9l.<\/p>\n\n<p>El paciente es responsable de seguir el plan de tratamiento recomendado por el m\u00e9dico.<\/p>\n\n<p>El paciente es responsable de ser puntual y acudir a las citas y, cuando no pueda hacerlo por cualquier motivo, de notificarlo al proveedor de asistencia sanitaria o al centro sanitario.<\/p>\n\n<p>El paciente es responsable de sus actos si rechaza el tratamiento o no sigue las instrucciones del profesional sanitario.<\/p>\n\n<p>El paciente es responsable de seguir las normas y reglamentos del centro sanitario que afectan a la atenci\u00f3n y conducta del paciente.<\/p>\n\n<p><\/p>\n\n<p><\/p>\n\n<p><a href=\"sms:\/\/6315291123\/\" target=\"_blank\" rel=\"noreferrer noopener\" data-wpel-link=\"internal\">Env\u00edanos un SMS<\/a><\/p>\n\n<p><\/p>\n","protected":false},"excerpt":{"rendered":"<p>Declaraci\u00f3n de derechos del paciente El paciente tiene derecho a ser tratado con cortes\u00eda y respeto, con aprecio de su dignidad individual y con protecci\u00f3n de su necesidad de intimidad. El paciente tiene derecho a recibir una atenci\u00f3n considerada y respetuosa con sus creencias personales y sus valores culturales y espirituales. El paciente tiene derecho<\/p>\n","protected":false},"author":1,"featured_media":0,"parent":0,"menu_order":0,"comment_status":"closed","ping_status":"closed","template":"","meta":{"_acf_changed":false,"footnotes":""},"class_list":["post-2866","page","type-page","status-publish","hentry"],"acf":[],"yoast_head":"<!-- This site is optimized with the Yoast SEO plugin v27.3 - https:\/\/yoast.com\/product\/yoast-seo-wordpress\/ -->\n<title>Declaraci\u00f3n de derechos del paciente | Soundview Pregnancy Services | Centereach, NY<\/title>\n<meta name=\"description\" content=\"Read more about Declaraci\u00f3n de derechos del pacientein this page. Soundview Pregnancy Services offers free limited pregnancy services. Contact us!\" \/>\n<meta name=\"robots\" content=\"index, follow, max-snippet:-1, max-image-preview:large, max-video-preview:-1\" \/>\n<link rel=\"canonical\" href=\"https:\/\/soundviewpregnancy.com\/patient-bill-of-rights\/\" \/>\n<meta property=\"og:locale\" content=\"es_ES\" \/>\n<meta property=\"og:type\" content=\"article\" \/>\n<meta property=\"og:title\" content=\"Declaraci\u00f3n de derechos del paciente | Soundview Pregnancy Services | Centereach, NY\" \/>\n<meta property=\"og:description\" content=\"Read more about Declaraci\u00f3n de derechos del pacientein this page. Soundview Pregnancy Services offers free limited pregnancy services. Contact us!\" \/>\n<meta property=\"og:url\" content=\"https:\/\/soundviewpregnancy.com\/patient-bill-of-rights\/\" \/>\n<meta property=\"og:site_name\" content=\"Soundview Pregnancy Services\" \/>\n<meta property=\"article:modified_time\" content=\"2024-10-07T19:02:00+00:00\" \/>\n<meta name=\"twitter:card\" content=\"summary_large_image\" \/>\n<meta name=\"twitter:label1\" content=\"Est. reading time\" \/>\n\t<meta name=\"twitter:data1\" content=\"3 minutos\" \/>\n<!-- \/ Yoast SEO plugin. -->","yoast_head_json":{"title":"Declaraci\u00f3n de derechos del paciente | Soundview Pregnancy Services | Centereach, NY","description":"Read more about Declaraci\u00f3n de derechos del pacientein this page. Soundview Pregnancy Services offers free limited pregnancy services. Contact us!","robots":{"index":"index","follow":"follow","max-snippet":"max-snippet:-1","max-image-preview":"max-image-preview:large","max-video-preview":"max-video-preview:-1"},"canonical":"https:\/\/soundviewpregnancy.com\/patient-bill-of-rights\/","og_locale":"es_ES","og_type":"article","og_title":"Declaraci\u00f3n de derechos del paciente | Soundview Pregnancy Services | Centereach, NY","og_description":"Read more about Declaraci\u00f3n de derechos del pacientein this page. Soundview Pregnancy Services offers free limited pregnancy services. Contact us!","og_url":"https:\/\/soundviewpregnancy.com\/patient-bill-of-rights\/","og_site_name":"Soundview Pregnancy Services","article_modified_time":"2024-10-07T19:02:00+00:00","twitter_card":"summary_large_image","twitter_misc":{"Est. reading time":"3 minutos"},"schema":{"@context":"https:\/\/schema.org","@graph":[{"@type":"WebPage","@id":"https:\/\/soundviewpregnancy.com\/patient-bill-of-rights\/","url":"https:\/\/soundviewpregnancy.com\/patient-bill-of-rights\/","name":"Declaraci\u00f3n de derechos del paciente | Soundview Pregnancy Services | Centereach, NY","isPartOf":{"@id":"https:\/\/soundviewpregnancy.com\/es\/#website"},"datePublished":"2024-07-10T10:07:40+00:00","dateModified":"2024-10-07T19:02:00+00:00","description":"Read more about Declaraci\u00f3n de derechos del pacientein this page. Soundview Pregnancy Services offers free limited pregnancy services. Contact us!","breadcrumb":{"@id":"https:\/\/soundviewpregnancy.com\/patient-bill-of-rights\/#breadcrumb"},"inLanguage":"es","potentialAction":[{"@type":"ReadAction","target":["https:\/\/soundviewpregnancy.com\/patient-bill-of-rights\/"]}]},{"@type":"BreadcrumbList","@id":"https:\/\/soundviewpregnancy.com\/patient-bill-of-rights\/#breadcrumb","itemListElement":[{"@type":"ListItem","position":1,"name":"Home","item":"https:\/\/soundviewpregnancy.com\/"},{"@type":"ListItem","position":2,"name":"Declaraci\u00f3n de derechos del paciente"}]},{"@type":"WebSite","@id":"https:\/\/soundviewpregnancy.com\/es\/#website","url":"https:\/\/soundviewpregnancy.com\/es\/","name":"Soundview Pregnancy Services","description":"","potentialAction":[{"@type":"SearchAction","target":{"@type":"EntryPoint","urlTemplate":"https:\/\/soundviewpregnancy.com\/es\/?s={search_term_string}"},"query-input":{"@type":"PropertyValueSpecification","valueRequired":true,"valueName":"search_term_string"}}],"inLanguage":"es"}]}},"_links":{"self":[{"href":"https:\/\/soundviewpregnancy.com\/es\/wp-json\/wp\/v2\/pages\/2866","targetHints":{"allow":["GET"]}}],"collection":[{"href":"https:\/\/soundviewpregnancy.com\/es\/wp-json\/wp\/v2\/pages"}],"about":[{"href":"https:\/\/soundviewpregnancy.com\/es\/wp-json\/wp\/v2\/types\/page"}],"author":[{"embeddable":true,"href":"https:\/\/soundviewpregnancy.com\/es\/wp-json\/wp\/v2\/users\/1"}],"replies":[{"embeddable":true,"href":"https:\/\/soundviewpregnancy.com\/es\/wp-json\/wp\/v2\/comments?post=2866"}],"version-history":[{"count":4,"href":"https:\/\/soundviewpregnancy.com\/es\/wp-json\/wp\/v2\/pages\/2866\/revisions"}],"predecessor-version":[{"id":3081,"href":"https:\/\/soundviewpregnancy.com\/es\/wp-json\/wp\/v2\/pages\/2866\/revisions\/3081"}],"wp:attachment":[{"href":"https:\/\/soundviewpregnancy.com\/es\/wp-json\/wp\/v2\/media?parent=2866"}],"curies":[{"name":"wp","href":"https:\/\/api.w.org\/{rel}","templated":true}]}}