{"id":2723,"date":"2024-04-26T07:31:19","date_gmt":"2024-04-26T11:31:19","guid":{"rendered":"https:\/\/soundviewpregnancy.com\/servicios\/atencion-postaborto\/"},"modified":"2025-08-13T14:36:07","modified_gmt":"2025-08-13T18:36:07","slug":"atencion-postaborto","status":"publish","type":"page","link":"https:\/\/soundviewpregnancy.com\/es\/servicios\/atencion-postaborto\/","title":{"rendered":"Atenci\u00f3n a la p\u00e9rdida reproductiva"},"content":{"rendered":"","protected":false},"excerpt":{"rendered":"<p>Si est\u00e1s luchando por seguir adelante despu\u00e9s de un aborto, no est\u00e1s sola. Este viaje puede ser dif\u00edcil, pero con el apoyo adecuado, puedes encontrar esperanza.<\/p>\n","protected":false},"author":1,"featured_media":0,"parent":2707,"menu_order":3,"comment_status":"closed","ping_status":"closed","template":"","meta":{"_acf_changed":false,"footnotes":""},"class_list":["post-2723","page","type-page","status-publish","hentry"],"acf":[],"yoast_head":"<!-- This site is optimized with the Yoast SEO plugin v27.4 - https:\/\/yoast.com\/product\/yoast-seo-wordpress\/ -->\n<title>Atenci\u00f3n a la p\u00e9rdida reproductiva | Soundview Pregnancy Services | Centereach, NY<\/title>\n<meta name=\"description\" content=\"Lee m\u00e1s sobre Atenci\u00f3n a la p\u00e9rdida reproductiva en esta p\u00e1gina. Soundview Pregnancy Services ofrece servicios de embarazo limitados y gratuitos. Ponte en contacto con nosotros.\" \/>\n<meta name=\"robots\" content=\"index, follow, max-snippet:-1, max-image-preview:large, max-video-preview:-1\" \/>\n<link rel=\"canonical\" href=\"https:\/\/soundviewpregnancy.com\/es\/servicios\/atencion-postaborto\/\" \/>\n<meta property=\"og:locale\" content=\"es_ES\" \/>\n<meta property=\"og:type\" content=\"article\" \/>\n<meta property=\"og:title\" content=\"Atenci\u00f3n a la p\u00e9rdida reproductiva | Soundview Pregnancy Services | Centereach, NY\" \/>\n<meta property=\"og:description\" content=\"Lee m\u00e1s sobre Atenci\u00f3n a la p\u00e9rdida reproductiva en esta p\u00e1gina. Soundview Pregnancy Services ofrece servicios de embarazo limitados y gratuitos. Ponte en contacto con nosotros.\" \/>\n<meta property=\"og:url\" content=\"https:\/\/soundviewpregnancy.com\/es\/servicios\/atencion-postaborto\/\" \/>\n<meta property=\"og:site_name\" content=\"Soundview Pregnancy Services\" \/>\n<meta property=\"article:modified_time\" content=\"2025-08-13T18:36:07+00:00\" \/>\n<meta name=\"twitter:card\" content=\"summary_large_image\" \/>\n<!-- \/ Yoast SEO plugin. -->","yoast_head_json":{"title":"Atenci\u00f3n a la p\u00e9rdida reproductiva | Soundview Pregnancy Services | Centereach, NY","description":"Lee m\u00e1s sobre Atenci\u00f3n a la p\u00e9rdida reproductiva en esta p\u00e1gina. Soundview Pregnancy Services ofrece servicios de embarazo limitados y gratuitos. Ponte en contacto con nosotros.","robots":{"index":"index","follow":"follow","max-snippet":"max-snippet:-1","max-image-preview":"max-image-preview:large","max-video-preview":"max-video-preview:-1"},"canonical":"https:\/\/soundviewpregnancy.com\/es\/servicios\/atencion-postaborto\/","og_locale":"es_ES","og_type":"article","og_title":"Atenci\u00f3n a la p\u00e9rdida reproductiva | Soundview Pregnancy Services | Centereach, NY","og_description":"Lee m\u00e1s sobre Atenci\u00f3n a la p\u00e9rdida reproductiva en esta p\u00e1gina. Soundview Pregnancy Services ofrece servicios de embarazo limitados y gratuitos. Ponte en contacto con nosotros.","og_url":"https:\/\/soundviewpregnancy.com\/es\/servicios\/atencion-postaborto\/","og_site_name":"Soundview Pregnancy Services","article_modified_time":"2025-08-13T18:36:07+00:00","twitter_card":"summary_large_image","schema":{"@context":"https:\/\/schema.org","@graph":[{"@type":"WebPage","@id":"https:\/\/soundviewpregnancy.com\/es\/servicios\/atencion-postaborto\/","url":"https:\/\/soundviewpregnancy.com\/es\/servicios\/atencion-postaborto\/","name":"Atenci\u00f3n a la p\u00e9rdida reproductiva | Soundview Pregnancy Services | Centereach, NY","isPartOf":{"@id":"https:\/\/soundviewpregnancy.com\/es\/#website"},"datePublished":"2024-04-26T11:31:19+00:00","dateModified":"2025-08-13T18:36:07+00:00","description":"Lee m\u00e1s sobre Atenci\u00f3n a la p\u00e9rdida reproductiva en esta p\u00e1gina. Soundview Pregnancy Services ofrece servicios de embarazo limitados y gratuitos. Ponte en contacto con nosotros.","breadcrumb":{"@id":"https:\/\/soundviewpregnancy.com\/es\/servicios\/atencion-postaborto\/#breadcrumb"},"inLanguage":"es","potentialAction":[{"@type":"ReadAction","target":["https:\/\/soundviewpregnancy.com\/es\/servicios\/atencion-postaborto\/"]}]},{"@type":"BreadcrumbList","@id":"https:\/\/soundviewpregnancy.com\/es\/servicios\/atencion-postaborto\/#breadcrumb","itemListElement":[{"@type":"ListItem","position":1,"name":"Home","item":"https:\/\/soundviewpregnancy.com\/"},{"@type":"ListItem","position":2,"name":"Servicios","item":"https:\/\/soundviewpregnancy.com\/services\/"},{"@type":"ListItem","position":3,"name":"Atenci\u00f3n a la p\u00e9rdida reproductiva"}]},{"@type":"WebSite","@id":"https:\/\/soundviewpregnancy.com\/es\/#website","url":"https:\/\/soundviewpregnancy.com\/es\/","name":"Soundview Pregnancy Services","description":"","potentialAction":[{"@type":"SearchAction","target":{"@type":"EntryPoint","urlTemplate":"https:\/\/soundviewpregnancy.com\/es\/?s={search_term_string}"},"query-input":{"@type":"PropertyValueSpecification","valueRequired":true,"valueName":"search_term_string"}}],"inLanguage":"es"}]}},"_links":{"self":[{"href":"https:\/\/soundviewpregnancy.com\/es\/wp-json\/wp\/v2\/pages\/2723","targetHints":{"allow":["GET"]}}],"collection":[{"href":"https:\/\/soundviewpregnancy.com\/es\/wp-json\/wp\/v2\/pages"}],"about":[{"href":"https:\/\/soundviewpregnancy.com\/es\/wp-json\/wp\/v2\/types\/page"}],"author":[{"embeddable":true,"href":"https:\/\/soundviewpregnancy.com\/es\/wp-json\/wp\/v2\/users\/1"}],"replies":[{"embeddable":true,"href":"https:\/\/soundviewpregnancy.com\/es\/wp-json\/wp\/v2\/comments?post=2723"}],"version-history":[{"count":1,"href":"https:\/\/soundviewpregnancy.com\/es\/wp-json\/wp\/v2\/pages\/2723\/revisions"}],"predecessor-version":[{"id":3370,"href":"https:\/\/soundviewpregnancy.com\/es\/wp-json\/wp\/v2\/pages\/2723\/revisions\/3370"}],"up":[{"embeddable":true,"href":"https:\/\/soundviewpregnancy.com\/es\/wp-json\/wp\/v2\/pages\/2707"}],"wp:attachment":[{"href":"https:\/\/soundviewpregnancy.com\/es\/wp-json\/wp\/v2\/media?parent=2723"}],"curies":[{"name":"wp","href":"https:\/\/api.w.org\/{rel}","templated":true}]}}